{"id":490,"date":"2014-12-21T13:29:20","date_gmt":"2014-12-21T12:29:20","guid":{"rendered":"http:\/\/swiss-beauty-trends.ch\/?page_id=490"},"modified":"2014-12-21T13:29:20","modified_gmt":"2014-12-21T12:29:20","slug":"virtuelle-tour","status":"publish","type":"page","link":"https:\/\/swiss-beauty-academy-zuerich.ch\/","title":{"rendered":"Virtuelle Tour"},"content":{"rendered":"<p>Die folgenden Seiten erm\u00f6glichen Ihnen Swiss Beauty Academy und Swiss Beauty Studio in Z\u00fcrich Schwamendingen virtuell zu besuchen:<\/p>\n<ul>\n<li><a title=\"Aussenansicht\" href=\"http:\/\/swiss-beauty-trends.ch\/virtuelle-tour\/aussenansicht\/\">Aussenansicht von Swiss Beauty Academy \/ Swiss Beauty Studio<\/a><\/li>\n<li><a title=\"Coiffeurschule \/ Friseur\" href=\"http:\/\/swiss-beauty-trends.ch\/virtuelle-tour\/coiffeurschule-friseur\/\">Coiffeurschule \/ Friseur<\/a><\/li>\n<li><a title=\"Kosmetikschule \/ Kosmetikstudio\" href=\"http:\/\/swiss-beauty-trends.ch\/virtuelle-tour\/kosmetikschule-kosmetikstudio\/\">Kosmetikschule \/ Kosmetikstudio<\/a><\/li>\n<li><a title=\"Nagelschule \/ Nagelstudio\" href=\"http:\/\/swiss-beauty-trends.ch\/virtuelle-tour\/nagelschule-nagelstudio\/\">Nagelschule \/ Nagelstudio<\/a><\/li>\n<li><a title=\"Theorier\u00e4ume\" href=\"http:\/\/swiss-beauty-trends.ch\/virtuelle-tour\/theorieraeume\/\">Theorier\u00e4ume<\/a><\/li>\n<li><a title=\"Sofa-Ecke\" href=\"http:\/\/swiss-beauty-trends.ch\/virtuelle-tour\/sofa-ecke\/\">Sofa-Ecke<\/a><\/li>\n<\/ul>\n<p>Wir freuen uns auch auf Ihren pers\u00f6nlichen Besuch bei uns! Unsere \u00d6ffnungszeiten sind Montag bis Samstag von 09.00 bis 18.00 Uhr<\/p>\n","protected":false},"excerpt":{"rendered":"<p>Die folgenden Seiten erm\u00f6glichen Ihnen Swiss Beauty Academy und Swiss Beauty Studio in Z\u00fcrich Schwamendingen virtuell zu besuchen: Aussenansicht von Swiss Beauty Academy \/ Swiss Beauty Studio Coiffeurschule \/ Friseur Kosmetikschule \/ Kosmetikstudio Nagelschule \/ Nagelstudio Theorier\u00e4ume Sofa-Ecke Wir freuen uns auch auf Ihren pers\u00f6nlichen Besuch bei uns! Unsere \u00d6ffnungszeiten sind Montag bis Samstag von [&hellip;]<\/p>\n","protected":false},"author":1,"featured_media":0,"parent":0,"menu_order":0,"comment_status":"open","ping_status":"open","template":"","meta":{"footnotes":""},"class_list":["post-490","page","type-page","status-publish","hentry"],"yoast_head":"<!-- This site is optimized with the Yoast SEO plugin v27.4 - https:\/\/yoast.com\/product\/yoast-seo-wordpress\/ -->\n<title>Virtuelle Tour - Swiss Beauty Academy Z\u00fcrich<\/title>\n<meta name=\"robots\" content=\"index, follow, max-snippet:-1, max-image-preview:large, max-video-preview:-1\" \/>\n<link rel=\"canonical\" href=\"https:\/\/swiss-beauty-academy-zuerich.ch\/\" \/>\n<meta property=\"og:locale\" content=\"de_DE\" \/>\n<meta property=\"og:type\" content=\"article\" \/>\n<meta property=\"og:title\" content=\"Virtuelle Tour - Swiss Beauty Academy Z\u00fcrich\" \/>\n<meta property=\"og:description\" content=\"Die folgenden Seiten erm\u00f6glichen Ihnen Swiss Beauty Academy und Swiss Beauty Studio in Z\u00fcrich Schwamendingen virtuell zu besuchen: Aussenansicht von Swiss Beauty Academy \/ Swiss Beauty Studio Coiffeurschule \/ Friseur Kosmetikschule \/ Kosmetikstudio Nagelschule \/ Nagelstudio Theorier\u00e4ume Sofa-Ecke Wir freuen uns auch auf Ihren pers\u00f6nlichen Besuch bei uns! Unsere \u00d6ffnungszeiten sind Montag bis Samstag von [&hellip;]\" \/>\n<meta property=\"og:url\" content=\"https:\/\/swiss-beauty-academy-zuerich.ch\/\" \/>\n<meta property=\"og:site_name\" content=\"Swiss Beauty Academy Z\u00fcrich\" \/>\n<meta name=\"twitter:card\" content=\"summary_large_image\" \/>\n<script type=\"application\/ld+json\" class=\"yoast-schema-graph\">{\"@context\":\"https:\\\/\\\/schema.org\",\"@graph\":[{\"@type\":\"WebPage\",\"@id\":\"https:\\\/\\\/swiss-beauty-academy-zuerich.ch\\\/\",\"url\":\"https:\\\/\\\/swiss-beauty-academy-zuerich.ch\\\/\",\"name\":\"Virtuelle Tour - Swiss Beauty Academy Z\u00fcrich\",\"isPartOf\":{\"@id\":\"https:\\\/\\\/swiss-beauty-academy-zuerich.ch\\\/#website\"},\"datePublished\":\"2014-12-21T12:29:20+00:00\",\"breadcrumb\":{\"@id\":\"https:\\\/\\\/swiss-beauty-academy-zuerich.ch\\\/#breadcrumb\"},\"inLanguage\":\"de-CH\",\"potentialAction\":[{\"@type\":\"ReadAction\",\"target\":[\"https:\\\/\\\/swiss-beauty-academy-zuerich.ch\\\/\"]}]},{\"@type\":\"BreadcrumbList\",\"@id\":\"https:\\\/\\\/swiss-beauty-academy-zuerich.ch\\\/#breadcrumb\",\"itemListElement\":[{\"@type\":\"ListItem\",\"position\":1,\"name\":\"Startseite\",\"item\":\"https:\\\/\\\/swiss-beauty-academy-zuerich.ch\\\/\"},{\"@type\":\"ListItem\",\"position\":2,\"name\":\"Virtuelle Tour\"}]},{\"@type\":\"WebSite\",\"@id\":\"https:\\\/\\\/swiss-beauty-academy-zuerich.ch\\\/#website\",\"url\":\"https:\\\/\\\/swiss-beauty-academy-zuerich.ch\\\/\",\"name\":\"Swiss Beauty Academy Z\u00fcrich\",\"description\":\"EduQua zertifiziert - 6 Sprachen - Z\u00fcrich &amp; Lausanne\",\"potentialAction\":[{\"@type\":\"SearchAction\",\"target\":{\"@type\":\"EntryPoint\",\"urlTemplate\":\"https:\\\/\\\/swiss-beauty-academy-zuerich.ch\\\/?s={search_term_string}\"},\"query-input\":{\"@type\":\"PropertyValueSpecification\",\"valueRequired\":true,\"valueName\":\"search_term_string\"}}],\"inLanguage\":\"de-CH\"}]}<\/script>\n<!-- \/ Yoast SEO plugin. -->","yoast_head_json":{"title":"Virtuelle Tour - Swiss Beauty Academy Z\u00fcrich","robots":{"index":"index","follow":"follow","max-snippet":"max-snippet:-1","max-image-preview":"max-image-preview:large","max-video-preview":"max-video-preview:-1"},"canonical":"https:\/\/swiss-beauty-academy-zuerich.ch\/","og_locale":"de_DE","og_type":"article","og_title":"Virtuelle Tour - Swiss Beauty Academy Z\u00fcrich","og_description":"Die folgenden Seiten erm\u00f6glichen Ihnen Swiss Beauty Academy und Swiss Beauty Studio in Z\u00fcrich Schwamendingen virtuell zu besuchen: Aussenansicht von Swiss Beauty Academy \/ Swiss Beauty Studio Coiffeurschule \/ Friseur Kosmetikschule \/ Kosmetikstudio Nagelschule \/ Nagelstudio Theorier\u00e4ume Sofa-Ecke Wir freuen uns auch auf Ihren pers\u00f6nlichen Besuch bei uns! Unsere \u00d6ffnungszeiten sind Montag bis Samstag von [&hellip;]","og_url":"https:\/\/swiss-beauty-academy-zuerich.ch\/","og_site_name":"Swiss Beauty Academy Z\u00fcrich","twitter_card":"summary_large_image","schema":{"@context":"https:\/\/schema.org","@graph":[{"@type":"WebPage","@id":"https:\/\/swiss-beauty-academy-zuerich.ch\/","url":"https:\/\/swiss-beauty-academy-zuerich.ch\/","name":"Virtuelle Tour - Swiss Beauty Academy Z\u00fcrich","isPartOf":{"@id":"https:\/\/swiss-beauty-academy-zuerich.ch\/#website"},"datePublished":"2014-12-21T12:29:20+00:00","breadcrumb":{"@id":"https:\/\/swiss-beauty-academy-zuerich.ch\/#breadcrumb"},"inLanguage":"de-CH","potentialAction":[{"@type":"ReadAction","target":["https:\/\/swiss-beauty-academy-zuerich.ch\/"]}]},{"@type":"BreadcrumbList","@id":"https:\/\/swiss-beauty-academy-zuerich.ch\/#breadcrumb","itemListElement":[{"@type":"ListItem","position":1,"name":"Startseite","item":"https:\/\/swiss-beauty-academy-zuerich.ch\/"},{"@type":"ListItem","position":2,"name":"Virtuelle Tour"}]},{"@type":"WebSite","@id":"https:\/\/swiss-beauty-academy-zuerich.ch\/#website","url":"https:\/\/swiss-beauty-academy-zuerich.ch\/","name":"Swiss Beauty Academy Z\u00fcrich","description":"EduQua zertifiziert - 6 Sprachen - Z\u00fcrich &amp; Lausanne","potentialAction":[{"@type":"SearchAction","target":{"@type":"EntryPoint","urlTemplate":"https:\/\/swiss-beauty-academy-zuerich.ch\/?s={search_term_string}"},"query-input":{"@type":"PropertyValueSpecification","valueRequired":true,"valueName":"search_term_string"}}],"inLanguage":"de-CH"}]}},"_links":{"self":[{"href":"https:\/\/swiss-beauty-academy-zuerich.ch\/index.php\/wp-json\/wp\/v2\/pages\/490","targetHints":{"allow":["GET"]}}],"collection":[{"href":"https:\/\/swiss-beauty-academy-zuerich.ch\/index.php\/wp-json\/wp\/v2\/pages"}],"about":[{"href":"https:\/\/swiss-beauty-academy-zuerich.ch\/index.php\/wp-json\/wp\/v2\/types\/page"}],"author":[{"embeddable":true,"href":"https:\/\/swiss-beauty-academy-zuerich.ch\/index.php\/wp-json\/wp\/v2\/users\/1"}],"replies":[{"embeddable":true,"href":"https:\/\/swiss-beauty-academy-zuerich.ch\/index.php\/wp-json\/wp\/v2\/comments?post=490"}],"version-history":[{"count":0,"href":"https:\/\/swiss-beauty-academy-zuerich.ch\/index.php\/wp-json\/wp\/v2\/pages\/490\/revisions"}],"wp:attachment":[{"href":"https:\/\/swiss-beauty-academy-zuerich.ch\/index.php\/wp-json\/wp\/v2\/media?parent=490"}],"curies":[{"name":"wp","href":"https:\/\/api.w.org\/{rel}","templated":true}]}}